{"id":236,"date":"2022-07-26T13:33:44","date_gmt":"2022-07-26T16:33:44","guid":{"rendered":"https:\/\/portorealprotecaoveicular.com.br\/site\/?page_id=236"},"modified":"2023-08-16T18:22:36","modified_gmt":"2023-08-16T21:22:36","slug":"onde-estamos","status":"publish","type":"page","link":"https:\/\/portorealprotecaoveicular.com.br\/site\/onde-estamos\/","title":{"rendered":"ONDE ESTAMOS"},"content":{"rendered":"<p>[et_pb_section fb_built=&#8221;1&#8243; _builder_version=&#8221;4.17.3&#8243; _module_preset=&#8221;default&#8221; background_color=&#8221;#EDEDED&#8221; global_colors_info=&#8221;{}&#8221;][et_pb_row column_structure=&#8221;2_3,1_3&#8243; admin_label=&#8221;Linha&#8221; _builder_version=&#8221;4.17.3&#8243; _module_preset=&#8221;default&#8221; global_colors_info=&#8221;{}&#8221;][et_pb_column type=&#8221;2_3&#8243; _builder_version=&#8221;4.17.3&#8243; _module_preset=&#8221;default&#8221; global_colors_info=&#8221;{}&#8221;][et_pb_text _builder_version=&#8221;4.17.3&#8243; _module_preset=&#8221;default&#8221; global_colors_info=&#8221;{}&#8221;]<\/p>\n<h1>Estamos presentes<\/h1>\n<p>[\/et_pb_text][\/et_pb_column][et_pb_column type=&#8221;1_3&#8243; _builder_version=&#8221;4.17.3&#8243; _module_preset=&#8221;default&#8221; global_colors_info=&#8221;{}&#8221;][et_pb_button button_url=&#8221;https:\/\/wa.me\/5531981212396&#8243; button_text=&#8221;Fale pelo WhatsApp!&#8221; _builder_version=&#8221;4.17.3&#8243; _module_preset=&#8221;default&#8221; global_colors_info=&#8221;{}&#8221;][\/et_pb_button][\/et_pb_column][\/et_pb_row][\/et_pb_section][et_pb_section fb_built=&#8221;1&#8243; _builder_version=&#8221;4.17.3&#8243; _module_preset=&#8221;default&#8221; global_colors_info=&#8221;{}&#8221;][et_pb_row column_structure=&#8221;2_5,3_5&#8243; _builder_version=&#8221;4.17.3&#8243; _module_preset=&#8221;default&#8221; global_colors_info=&#8221;{}&#8221;][et_pb_column type=&#8221;2_5&#8243; _builder_version=&#8221;4.17.3&#8243; _module_preset=&#8221;default&#8221; global_colors_info=&#8221;{}&#8221;][et_pb_text _builder_version=&#8221;4.17.3&#8243; _module_preset=&#8221;default&#8221; global_colors_info=&#8221;{}&#8221;]<\/p>\n<h4><strong>Porto Real Prote\u00e7\u00e3o Veicular<\/strong><\/h4>\n<p>Rua Padre Jo\u00e3o Cris\u00f3stomo, 65 &#8211; Cora\u00e7\u00e3o Eucar\u00edstico &#8211; Belo Horizonte &#8211; Minas Gerais<br \/>CEP: 30535-510<\/p>\n<p><strong>Tels.:<\/strong> <a href=\"tel:3135822213\">31 3582.2213<\/a> |\u00a0<a href=\"https:\/\/api.whatsapp.com\/send?phone=5531981212396\" target=\"_blank\" rel=\"noopener\">(31) 98121.2396<\/a><\/p>\n<p><strong>E-mail:<\/strong> <a href=\"mailto:atendimento@portorealprotecaoveicular.com.br\">atendimento@portorealprotecaoveicular.com.br<\/a><\/p>\n<p>[\/et_pb_text][\/et_pb_column][et_pb_column type=&#8221;3_5&#8243; _builder_version=&#8221;4.17.3&#8243; _module_preset=&#8221;default&#8221; global_colors_info=&#8221;{}&#8221;][et_pb_code _builder_version=&#8221;4.17.3&#8243; _module_preset=&#8221;default&#8221; global_colors_info=&#8221;{}&#8221;]<iframe src=\"https:\/\/www.google.com\/maps\/embed?pb=!1m18!1m12!1m3!1d3750.993990124505!2d-43.98893278508548!3d-19.924658086606748!2m3!1f0!2f0!3f0!3m2!1i1024!2i768!4f13.1!3m3!1m2!1s0xa696fb59012233%3A0x9857209ad3c58ecf!2sR.%20Padre%20Jo%C3%A3o%20Cris%C3%B3stomo%2C%2065%20-%20Cora%C3%A7%C3%A3o%20Eucar%C3%ADstico%2C%20Belo%20Horizonte%20-%20MG%2C%2030535-510!5e0!3m2!1spt-BR!2sbr!4v1670883259562!5m2!1spt-BR!2sbr\" width=\"600\" height=\"450\" style=\"border:0;\" allowfullscreen=\"\" loading=\"lazy\" referrerpolicy=\"no-referrer-when-downgrade\"><\/iframe>[\/et_pb_code][\/et_pb_column][\/et_pb_row][\/et_pb_section][et_pb_section fb_built=&#8221;1&#8243; admin_label=&#8221;fa\u00e7a sua simula\u00e7\u00e3o&#8221; _builder_version=&#8221;4.17.3&#8243; _module_preset=&#8221;default&#8221; background_color=&#8221;#1BC9BC&#8221; custom_padding=&#8221;50px||35px||false|false&#8221; animation_style=&#8221;fade&#8221; global_module=&#8221;241&#8243; saved_tabs=&#8221;all&#8221; global_colors_info=&#8221;{}&#8221;][et_pb_row _builder_version=&#8221;4.17.3&#8243; _module_preset=&#8221;default&#8221; global_colors_info=&#8221;{}&#8221;][et_pb_column type=&#8221;4_4&#8243; _builder_version=&#8221;4.17.3&#8243; _module_preset=&#8221;default&#8221; global_colors_info=&#8221;{}&#8221;][et_pb_text _builder_version=&#8221;4.17.3&#8243; _module_preset=&#8221;default&#8221; header_font=&#8221;|300||on|||||&#8221; header_text_align=&#8221;center&#8221; header_text_color=&#8221;#FFFFFF&#8221; header_font_size=&#8221;50px&#8221; header_3_text_align=&#8221;center&#8221; header_3_text_color=&#8221;#195C9F&#8221; header_3_font_size=&#8221;40px&#8221; global_colors_info=&#8221;{}&#8221;]<\/p>\n<h1>FA\u00c7A AGORA SUA CONTA\u00c7\u00c3O!<\/h1>\n<h3>Veja o quanto custa proteger seu ve\u00edculo<\/h3>\n<p>[\/et_pb_text][et_pb_button button_url=&#8221;https:\/\/wa.me\/5531981212396&#8243; url_new_window=&#8221;on&#8221; button_text=&#8221;Fale pelo WhatsApp!&#8221; button_alignment=&#8221;center&#8221; _builder_version=&#8221;4.17.3&#8243; _module_preset=&#8221;default&#8221; global_colors_info=&#8221;{}&#8221;][\/et_pb_button][\/et_pb_column][\/et_pb_row][\/et_pb_section][et_pb_section fb_built=&#8221;1&#8243; _builder_version=&#8221;4.17.3&#8243; _module_preset=&#8221;default&#8221; background_color=&#8221;#D9D9D9&#8243; animation_style=&#8221;fade&#8221; animation_duration=&#8221;500ms&#8221; global_module=&#8221;124&#8243; saved_tabs=&#8221;all&#8221; global_colors_info=&#8221;{}&#8221;][et_pb_row column_structure=&#8221;1_3,1_3,1_3&#8243; _builder_version=&#8221;4.17.3&#8243; _module_preset=&#8221;default&#8221; global_colors_info=&#8221;{}&#8221;][et_pb_column type=&#8221;1_3&#8243; _builder_version=&#8221;4.17.3&#8243; _module_preset=&#8221;default&#8221; global_colors_info=&#8221;{}&#8221;][et_pb_text _builder_version=&#8221;4.17.3&#8243; _module_preset=&#8221;default&#8221; header_4_text_color=&#8221;#195C9F&#8221; global_colors_info=&#8221;{}&#8221;]<\/p>\n<h4>A Porto Real<\/h4>\n<p>Garantir aos nossos Associados, parceiros e colaboradores, benef\u00edcios e servi\u00e7os que proporcione seguran\u00e7a, qualidade e bem-estar, utilizando alto conhecimento no gerenciamento e administra\u00e7\u00e3o, buscando maximiza\u00e7\u00e3o de resultados, crescimento e lideran\u00e7a do mercado.\u00a0<\/p>\n<p><strong>Raz\u00e3o Social e CNPJ:<\/strong> 30.666.213\/0001-18<\/p>\n<p>[\/et_pb_text][et_pb_button button_url=&#8221;https:\/\/portorealprotecaoveicular.com.br\/site\/quem-somos\/&#8221; button_text=&#8221;Conhe\u00e7a mais&#8221; button_alignment=&#8221;left&#8221; _builder_version=&#8221;4.17.3&#8243; _module_preset=&#8221;default&#8221; animation_style=&#8221;fade&#8221; global_colors_info=&#8221;{}&#8221;][\/et_pb_button][\/et_pb_column][et_pb_column type=&#8221;1_3&#8243; _builder_version=&#8221;4.17.3&#8243; _module_preset=&#8221;default&#8221; global_colors_info=&#8221;{}&#8221;][et_pb_text _builder_version=&#8221;4.17.3&#8243; _module_preset=&#8221;default&#8221; global_colors_info=&#8221;{}&#8221;]<\/p>\n<p style=\"padding-left: 40px;\"><a href=\"https:\/\/portorealprotecaoveicular.com.br\/site\/quem-somos\/\">Quem somos<\/a><\/p>\n<p style=\"padding-left: 40px;\"><a href=\"https:\/\/portorealprotecaoveicular.com.br\/site\/beneficios\/\">Vantagens<\/a><\/p>\n<p style=\"padding-left: 40px;\"><a href=\"https:\/\/portorealprotecaoveicular.com.br\/site\/duvidas-frequentes\/\">D\u00favidas<\/a><\/p>\n<p style=\"padding-left: 40px;\"><a href=\"tel:3135822213\">Atendimento<\/a><\/p>\n<p style=\"padding-left: 40px;\"><a href=\"https:\/\/portorealprotecaoveicular.com.br\/site\/localizacao\/\">Localiza\u00e7\u00e3o<\/a><\/p>\n<p style=\"padding-left: 40px;\"><a href=\"https:\/\/api.whatsapp.com\/send?phone=555531981212396\" target=\"_blank\" rel=\"noopener\">\u00c1rea do Associado<\/a><\/p>\n<p>[\/et_pb_text][\/et_pb_column][et_pb_column type=&#8221;1_3&#8243; _builder_version=&#8221;4.17.3&#8243; _module_preset=&#8221;default&#8221; global_colors_info=&#8221;{}&#8221;][et_pb_text _builder_version=&#8221;4.17.3&#8243; _module_preset=&#8221;default&#8221; header_4_text_color=&#8221;#195C9F&#8221; header_5_text_color=&#8221;#2B2B2B&#8221; global_colors_info=&#8221;{}&#8221;]<\/p>\n<h4>Central de Atendimento<\/h4>\n<h5 style=\"padding-left: 40px;\">Telefone: (31) 3582.2213<\/h5>\n<h5 style=\"padding-left: 40px;\">Whatsapp: (31) 98121.2396<\/h5>\n<p>[\/et_pb_text][et_pb_text _builder_version=&#8221;4.17.3&#8243; _module_preset=&#8221;default&#8221; header_4_text_color=&#8221;#195C9F&#8221; global_colors_info=&#8221;{}&#8221;]<\/p>\n<h4>Hor\u00e1rio de atendimento<\/h4>\n<p style=\"padding-left: 40px;\">De 2\u00aa \u00e0 6\u00aa feira de 08h \u00e0s 17h<\/p>\n<p>[\/et_pb_text][et_pb_image src=&#8221;https:\/\/portorealprotecaoveicular.com.br\/site\/wp-content\/uploads\/2022\/07\/assistencia24h-rodape.png&#8221; title_text=&#8221;assistencia24h-rodape&#8221; _builder_version=&#8221;4.17.3&#8243; _module_preset=&#8221;default&#8221; animation_style=&#8221;fade&#8221; global_colors_info=&#8221;{}&#8221;][\/et_pb_image][\/et_pb_column][\/et_pb_row][\/et_pb_section]<\/p>\n","protected":false},"excerpt":{"rendered":"<p>Estamos presentesPorto Real Prote\u00e7\u00e3o Veicular Rua Padre Jo\u00e3o Cris\u00f3stomo, 65 &#8211; Cora\u00e7\u00e3o Eucar\u00edstico &#8211; Belo Horizonte &#8211; Minas GeraisCEP: 30535-510 Tels.: 31 3582.2213 |\u00a0(31) 98121.2396 E-mail: atendimento@portorealprotecaoveicular.com.brFA\u00c7A AGORA SUA CONTA\u00c7\u00c3O! Veja o quanto custa proteger seu ve\u00edculoA Porto Real Garantir aos nossos Associados, parceiros e colaboradores, benef\u00edcios e servi\u00e7os que proporcione seguran\u00e7a, qualidade e bem-estar, [&hellip;]<\/p>\n","protected":false},"author":1,"featured_media":0,"parent":0,"menu_order":0,"comment_status":"closed","ping_status":"closed","template":"","meta":{"_et_pb_use_builder":"on","_et_pb_old_content":"","_et_gb_content_width":"","footnotes":""},"class_list":["post-236","page","type-page","status-publish","hentry"],"_links":{"self":[{"href":"https:\/\/portorealprotecaoveicular.com.br\/site\/wp-json\/wp\/v2\/pages\/236","targetHints":{"allow":["GET"]}}],"collection":[{"href":"https:\/\/portorealprotecaoveicular.com.br\/site\/wp-json\/wp\/v2\/pages"}],"about":[{"href":"https:\/\/portorealprotecaoveicular.com.br\/site\/wp-json\/wp\/v2\/types\/page"}],"author":[{"embeddable":true,"href":"https:\/\/portorealprotecaoveicular.com.br\/site\/wp-json\/wp\/v2\/users\/1"}],"replies":[{"embeddable":true,"href":"https:\/\/portorealprotecaoveicular.com.br\/site\/wp-json\/wp\/v2\/comments?post=236"}],"version-history":[{"count":0,"href":"https:\/\/portorealprotecaoveicular.com.br\/site\/wp-json\/wp\/v2\/pages\/236\/revisions"}],"wp:attachment":[{"href":"https:\/\/portorealprotecaoveicular.com.br\/site\/wp-json\/wp\/v2\/media?parent=236"}],"curies":[{"name":"wp","href":"https:\/\/api.w.org\/{rel}","templated":true}]}}