{"id":179,"date":"2022-07-26T12:14:35","date_gmt":"2022-07-26T15:14:35","guid":{"rendered":"https:\/\/portorealprotecaoveicular.com.br\/site\/?page_id=179"},"modified":"2023-08-16T18:22:03","modified_gmt":"2023-08-16T21:22:03","slug":"beneficios","status":"publish","type":"page","link":"https:\/\/portorealprotecaoveicular.com.br\/site\/beneficios\/","title":{"rendered":"Benef\u00edcios"},"content":{"rendered":"<p>[et_pb_section fb_built=&#8221;1&#8243; _builder_version=&#8221;4.17.3&#8243; _module_preset=&#8221;default&#8221; background_color=&#8221;#EDEDED&#8221; global_colors_info=&#8221;{}&#8221;][et_pb_row column_structure=&#8221;2_3,1_3&#8243; admin_label=&#8221;Linha&#8221; _builder_version=&#8221;4.17.3&#8243; _module_preset=&#8221;default&#8221; global_colors_info=&#8221;{}&#8221;][et_pb_column type=&#8221;2_3&#8243; _builder_version=&#8221;4.17.3&#8243; _module_preset=&#8221;default&#8221; global_colors_info=&#8221;{}&#8221;][et_pb_text _builder_version=&#8221;4.17.3&#8243; _module_preset=&#8221;default&#8221; global_colors_info=&#8221;{}&#8221;]<\/p>\n<h1>Benef\u00edcios<\/h1>\n<p>[\/et_pb_text][\/et_pb_column][et_pb_column type=&#8221;1_3&#8243; _builder_version=&#8221;4.17.3&#8243; _module_preset=&#8221;default&#8221; global_colors_info=&#8221;{}&#8221;][et_pb_button button_url=&#8221;http:\/\/portorealprotecaoveicular.com.br\/ct\/&#8221; button_text=&#8221;ATENDIMENTO NO WHATSAPP&#8221; _builder_version=&#8221;4.17.3&#8243; _module_preset=&#8221;default&#8221; global_colors_info=&#8221;{}&#8221;][\/et_pb_button][\/et_pb_column][\/et_pb_row][\/et_pb_section][et_pb_section fb_built=&#8221;1&#8243; _builder_version=&#8221;4.17.3&#8243; _module_preset=&#8221;default&#8221; global_colors_info=&#8221;{}&#8221;][et_pb_row _builder_version=&#8221;4.17.3&#8243; _module_preset=&#8221;default&#8221; global_colors_info=&#8221;{}&#8221;][et_pb_column type=&#8221;4_4&#8243; _builder_version=&#8221;4.17.3&#8243; _module_preset=&#8221;default&#8221; global_colors_info=&#8221;{}&#8221;][et_pb_text _builder_version=&#8221;4.17.3&#8243; _module_preset=&#8221;default&#8221; global_colors_info=&#8221;{}&#8221;]<\/p>\n<p>A Porto Real Prote\u00e7\u00e3o Veicular oferece muitos benef\u00edcios que v\u00e3o garantir a sua tranquilidade e da sua fam\u00edlia, em qualquer lugar que esteja.<\/p>\n<p>[\/et_pb_text][\/et_pb_column][\/et_pb_row][et_pb_row column_structure=&#8221;1_3,1_3,1_3&#8243; _builder_version=&#8221;4.17.3&#8243; _module_preset=&#8221;default&#8221; global_colors_info=&#8221;{}&#8221;][et_pb_column type=&#8221;1_3&#8243; _builder_version=&#8221;4.17.3&#8243; _module_preset=&#8221;default&#8221; global_colors_info=&#8221;{}&#8221;][et_pb_image src=&#8221;https:\/\/portorealprotecaoveicular.com.br\/site\/wp-content\/uploads\/2022\/07\/img-colisao.jpg&#8221; title_text=&#8221;img-colisao&#8221; align=&#8221;center&#8221; _builder_version=&#8221;4.17.3&#8243; _module_preset=&#8221;default&#8221; animation_style=&#8221;fade&#8221; global_colors_info=&#8221;{}&#8221;][\/et_pb_image][\/et_pb_column][et_pb_column type=&#8221;1_3&#8243; _builder_version=&#8221;4.17.3&#8243; _module_preset=&#8221;default&#8221; global_colors_info=&#8221;{}&#8221;][et_pb_image src=&#8221;https:\/\/portorealprotecaoveicular.com.br\/site\/wp-content\/uploads\/2022\/07\/img-fenomeno.jpg&#8221; title_text=&#8221;img-fenomeno&#8221; align=&#8221;center&#8221; _builder_version=&#8221;4.17.3&#8243; _module_preset=&#8221;default&#8221; animation_style=&#8221;fade&#8221; global_colors_info=&#8221;{}&#8221;][\/et_pb_image][\/et_pb_column][et_pb_column type=&#8221;1_3&#8243; _builder_version=&#8221;4.17.3&#8243; _module_preset=&#8221;default&#8221; global_colors_info=&#8221;{}&#8221;][et_pb_image src=&#8221;https:\/\/portorealprotecaoveicular.com.br\/site\/wp-content\/uploads\/2022\/07\/img-reboque.jpg&#8221; title_text=&#8221;img-reboque&#8221; align=&#8221;center&#8221; _builder_version=&#8221;4.17.3&#8243; _module_preset=&#8221;default&#8221; animation_style=&#8221;fade&#8221; global_colors_info=&#8221;{}&#8221;][\/et_pb_image][\/et_pb_column][\/et_pb_row][et_pb_row column_structure=&#8221;1_3,1_3,1_3&#8243; _builder_version=&#8221;4.17.3&#8243; _module_preset=&#8221;default&#8221; global_colors_info=&#8221;{}&#8221;][et_pb_column type=&#8221;1_3&#8243; _builder_version=&#8221;4.17.3&#8243; _module_preset=&#8221;default&#8221; global_colors_info=&#8221;{}&#8221;][et_pb_image src=&#8221;https:\/\/portorealprotecaoveicular.com.br\/site\/wp-content\/uploads\/2022\/07\/img-terceiros.jpg&#8221; title_text=&#8221;img-terceiros&#8221; align=&#8221;center&#8221; _builder_version=&#8221;4.17.3&#8243; _module_preset=&#8221;default&#8221; animation_style=&#8221;fade&#8221; global_colors_info=&#8221;{}&#8221;][\/et_pb_image][\/et_pb_column][et_pb_column type=&#8221;1_3&#8243; _builder_version=&#8221;4.17.3&#8243; _module_preset=&#8221;default&#8221; global_colors_info=&#8221;{}&#8221;][et_pb_image src=&#8221;https:\/\/portorealprotecaoveicular.com.br\/site\/wp-content\/uploads\/2022\/07\/img-furtos.jpg&#8221; title_text=&#8221;img-furtos&#8221; align=&#8221;center&#8221; _builder_version=&#8221;4.17.3&#8243; _module_preset=&#8221;default&#8221; animation_style=&#8221;fade&#8221; global_colors_info=&#8221;{}&#8221;][\/et_pb_image][\/et_pb_column][et_pb_column type=&#8221;1_3&#8243; _builder_version=&#8221;4.17.3&#8243; _module_preset=&#8221;default&#8221; global_colors_info=&#8221;{}&#8221;][et_pb_image src=&#8221;https:\/\/portorealprotecaoveicular.com.br\/site\/wp-content\/uploads\/2022\/07\/img-chaveiros.jpg&#8221; title_text=&#8221;img-chaveiros&#8221; align=&#8221;center&#8221; _builder_version=&#8221;4.17.3&#8243; _module_preset=&#8221;default&#8221; animation_style=&#8221;fade&#8221; global_colors_info=&#8221;{}&#8221;][\/et_pb_image][\/et_pb_column][\/et_pb_row][\/et_pb_section][et_pb_section fb_built=&#8221;1&#8243; _builder_version=&#8221;4.17.3&#8243; _module_preset=&#8221;default&#8221; background_color=&#8221;#D9D9D9&#8243; animation_style=&#8221;fade&#8221; animation_duration=&#8221;500ms&#8221; global_module=&#8221;124&#8243; saved_tabs=&#8221;all&#8221; global_colors_info=&#8221;{}&#8221;][et_pb_row column_structure=&#8221;1_3,1_3,1_3&#8243; _builder_version=&#8221;4.17.3&#8243; _module_preset=&#8221;default&#8221; global_colors_info=&#8221;{}&#8221;][et_pb_column type=&#8221;1_3&#8243; _builder_version=&#8221;4.17.3&#8243; _module_preset=&#8221;default&#8221; global_colors_info=&#8221;{}&#8221;][et_pb_text _builder_version=&#8221;4.17.3&#8243; _module_preset=&#8221;default&#8221; header_4_text_color=&#8221;#195C9F&#8221; global_colors_info=&#8221;{}&#8221;]<\/p>\n<h4>A Porto Real<\/h4>\n<p>Garantir aos nossos Associados, parceiros e colaboradores, benef\u00edcios e servi\u00e7os que proporcione seguran\u00e7a, qualidade e bem-estar, utilizando alto conhecimento no gerenciamento e administra\u00e7\u00e3o, buscando maximiza\u00e7\u00e3o de resultados, crescimento e lideran\u00e7a do mercado.\u00a0<\/p>\n<p><strong>Raz\u00e3o Social e CNPJ:<\/strong> 30.666.213\/0001-18<\/p>\n<p>[\/et_pb_text][et_pb_button button_url=&#8221;https:\/\/portorealprotecaoveicular.com.br\/site\/quem-somos\/&#8221; button_text=&#8221;Conhe\u00e7a mais&#8221; button_alignment=&#8221;left&#8221; _builder_version=&#8221;4.17.3&#8243; _module_preset=&#8221;default&#8221; animation_style=&#8221;fade&#8221; global_colors_info=&#8221;{}&#8221;][\/et_pb_button][\/et_pb_column][et_pb_column type=&#8221;1_3&#8243; _builder_version=&#8221;4.17.3&#8243; _module_preset=&#8221;default&#8221; global_colors_info=&#8221;{}&#8221;][et_pb_text _builder_version=&#8221;4.17.3&#8243; _module_preset=&#8221;default&#8221; global_colors_info=&#8221;{}&#8221;]<\/p>\n<p style=\"padding-left: 40px;\"><a href=\"https:\/\/portorealprotecaoveicular.com.br\/site\/quem-somos\/\">Quem somos<\/a><\/p>\n<p style=\"padding-left: 40px;\"><a href=\"https:\/\/portorealprotecaoveicular.com.br\/site\/beneficios\/\">Vantagens<\/a><\/p>\n<p style=\"padding-left: 40px;\"><a href=\"https:\/\/portorealprotecaoveicular.com.br\/site\/duvidas-frequentes\/\">D\u00favidas<\/a><\/p>\n<p style=\"padding-left: 40px;\"><a href=\"tel:3135822213\">Atendimento<\/a><\/p>\n<p style=\"padding-left: 40px;\"><a href=\"https:\/\/portorealprotecaoveicular.com.br\/site\/localizacao\/\">Localiza\u00e7\u00e3o<\/a><\/p>\n<p style=\"padding-left: 40px;\"><a href=\"https:\/\/api.whatsapp.com\/send?phone=555531981212396\" target=\"_blank\" rel=\"noopener\">\u00c1rea do Associado<\/a><\/p>\n<p>[\/et_pb_text][\/et_pb_column][et_pb_column type=&#8221;1_3&#8243; _builder_version=&#8221;4.17.3&#8243; _module_preset=&#8221;default&#8221; global_colors_info=&#8221;{}&#8221;][et_pb_text _builder_version=&#8221;4.17.3&#8243; _module_preset=&#8221;default&#8221; header_4_text_color=&#8221;#195C9F&#8221; header_5_text_color=&#8221;#2B2B2B&#8221; global_colors_info=&#8221;{}&#8221;]<\/p>\n<h4>Central de Atendimento<\/h4>\n<h5 style=\"padding-left: 40px;\">Telefone: (31) 3582.2213<\/h5>\n<h5 style=\"padding-left: 40px;\">Whatsapp: (31) 98121.2396<\/h5>\n<p>[\/et_pb_text][et_pb_text _builder_version=&#8221;4.17.3&#8243; _module_preset=&#8221;default&#8221; header_4_text_color=&#8221;#195C9F&#8221; global_colors_info=&#8221;{}&#8221;]<\/p>\n<h4>Hor\u00e1rio de atendimento<\/h4>\n<p style=\"padding-left: 40px;\">De 2\u00aa \u00e0 6\u00aa feira de 08h \u00e0s 17h<\/p>\n<p>[\/et_pb_text][et_pb_image src=&#8221;https:\/\/portorealprotecaoveicular.com.br\/site\/wp-content\/uploads\/2022\/07\/assistencia24h-rodape.png&#8221; title_text=&#8221;assistencia24h-rodape&#8221; _builder_version=&#8221;4.17.3&#8243; _module_preset=&#8221;default&#8221; animation_style=&#8221;fade&#8221; global_colors_info=&#8221;{}&#8221;][\/et_pb_image][\/et_pb_column][\/et_pb_row][\/et_pb_section]<\/p>\n","protected":false},"excerpt":{"rendered":"<p>Benef\u00edciosA Porto Real Prote\u00e7\u00e3o Veicular oferece muitos benef\u00edcios que v\u00e3o garantir a sua tranquilidade e da sua fam\u00edlia, em qualquer lugar que esteja.A Porto Real Garantir aos nossos Associados, parceiros e colaboradores, benef\u00edcios e servi\u00e7os que proporcione seguran\u00e7a, qualidade e bem-estar, utilizando alto conhecimento no gerenciamento e administra\u00e7\u00e3o, buscando maximiza\u00e7\u00e3o de resultados, crescimento e lideran\u00e7a [&hellip;]<\/p>\n","protected":false},"author":1,"featured_media":0,"parent":0,"menu_order":0,"comment_status":"closed","ping_status":"closed","template":"","meta":{"_et_pb_use_builder":"on","_et_pb_old_content":"","_et_gb_content_width":"","footnotes":""},"class_list":["post-179","page","type-page","status-publish","hentry"],"_links":{"self":[{"href":"https:\/\/portorealprotecaoveicular.com.br\/site\/wp-json\/wp\/v2\/pages\/179","targetHints":{"allow":["GET"]}}],"collection":[{"href":"https:\/\/portorealprotecaoveicular.com.br\/site\/wp-json\/wp\/v2\/pages"}],"about":[{"href":"https:\/\/portorealprotecaoveicular.com.br\/site\/wp-json\/wp\/v2\/types\/page"}],"author":[{"embeddable":true,"href":"https:\/\/portorealprotecaoveicular.com.br\/site\/wp-json\/wp\/v2\/users\/1"}],"replies":[{"embeddable":true,"href":"https:\/\/portorealprotecaoveicular.com.br\/site\/wp-json\/wp\/v2\/comments?post=179"}],"version-history":[{"count":0,"href":"https:\/\/portorealprotecaoveicular.com.br\/site\/wp-json\/wp\/v2\/pages\/179\/revisions"}],"wp:attachment":[{"href":"https:\/\/portorealprotecaoveicular.com.br\/site\/wp-json\/wp\/v2\/media?parent=179"}],"curies":[{"name":"wp","href":"https:\/\/api.w.org\/{rel}","templated":true}]}}